{"id":123,"date":"2025-11-01T13:58:00","date_gmt":"2025-11-01T13:58:00","guid":{"rendered":"https:\/\/www.hairstudiosabine.at\/?page_id=123"},"modified":"2026-03-03T15:22:00","modified_gmt":"2026-03-03T15:22:00","slug":"starsetie","status":"publish","type":"page","link":"https:\/\/www.hairstudiosabine.at\/","title":{"rendered":"Startseite"},"content":{"rendered":"\t\t<div data-elementor-type=\"wp-page\" data-elementor-id=\"123\" class=\"elementor elementor-123\">\n\t\t\t\t<div class=\"elementor-element elementor-element-f1e43ef e-flex e-con-boxed e-con e-parent\" data-id=\"f1e43ef\" data-element_type=\"container\" data-e-type=\"container\" data-settings=\"{&quot;background_background&quot;:&quot;slideshow&quot;,&quot;background_slideshow_gallery&quot;:[{&quot;id&quot;:345,&quot;url&quot;:&quot;https:\\\/\\\/www.hairstudiosabine.at\\\/wp-content\\\/uploads\\\/2026\\\/02\\\/20260117_HairStudioSabine_Web-8.jpg&quot;},{&quot;id&quot;:343,&quot;url&quot;:&quot;https:\\\/\\\/www.hairstudiosabine.at\\\/wp-content\\\/uploads\\\/2026\\\/02\\\/20260117_HairStudioSabine_Voll-10-scaled.jpg&quot;},{&quot;id&quot;:342,&quot;url&quot;:&quot;https:\\\/\\\/www.hairstudiosabine.at\\\/wp-content\\\/uploads\\\/2026\\\/02\\\/20260117_HairStudioSabine_Voll-6-scaled.jpg&quot;},{&quot;id&quot;:340,&quot;url&quot;:&quot;https:\\\/\\\/www.hairstudiosabine.at\\\/wp-content\\\/uploads\\\/2026\\\/02\\\/20251208_HairStudioSabine_Voll-2-scaled.jpg&quot;},{&quot;id&quot;:339,&quot;url&quot;:&quot;https:\\\/\\\/www.hairstudiosabine.at\\\/wp-content\\\/uploads\\\/2026\\\/02\\\/20251208_HairStudioSabine_Voll-1-scaled.jpg&quot;},{&quot;id&quot;:338,&quot;url&quot;:&quot;https:\\\/\\\/www.hairstudiosabine.at\\\/wp-content\\\/uploads\\\/2026\\\/02\\\/20260117_HairStudioSabine_Voll-1-scaled.jpg&quot;},{&quot;id&quot;:346,&quot;url&quot;:&quot;https:\\\/\\\/www.hairstudiosabine.at\\\/wp-content\\\/uploads\\\/2026\\\/02\\\/20260117_HairStudioSabine_Web-18.jpg&quot;},{&quot;id&quot;:347,&quot;url&quot;:&quot;https:\\\/\\\/www.hairstudiosabine.at\\\/wp-content\\\/uploads\\\/2026\\\/02\\\/20260117_HairStudioSabine_Voll-2-scaled.jpg&quot;}],&quot;background_slideshow_slide_duration&quot;:3000,&quot;background_slideshow_slide_transition&quot;:&quot;slide_left&quot;,&quot;background_slideshow_transition_duration&quot;:400,&quot;background_slideshow_loop&quot;:&quot;yes&quot;}\">\n\t\t\t\t\t<div class=\"e-con-inner\">\n\t\t\t\t<div class=\"elementor-element elementor-element-ab06b20 elementor-widget elementor-widget-heading\" data-id=\"ab06b20\" data-element_type=\"widget\" data-e-type=\"widget\" data-widget_type=\"heading.default\">\n\t\t\t\t\t<h2 class=\"elementor-heading-title elementor-size-default\">HairStudioSabine<\/h2>\t\t\t\t<\/div>\n\t\t\t\t<div class=\"elementor-element elementor-element-6c63458 elementor-widget elementor-widget-heading\" data-id=\"6c63458\" data-element_type=\"widget\" data-e-type=\"widget\" data-widget_type=\"heading.default\">\n\t\t\t\t\t<h2 class=\"elementor-heading-title elementor-size-default\">Dein Stil. Dein Moment. Dein Friseur im Waldviertel.<\/h2>\t\t\t\t<\/div>\n\t\t\t\t\t<\/div>\n\t\t\t\t<\/div>\n\t\t<div class=\"elementor-element elementor-element-5643d0e e-flex e-con-boxed e-con e-parent\" data-id=\"5643d0e\" data-element_type=\"container\" data-e-type=\"container\">\n\t\t\t\t\t<div class=\"e-con-inner\">\n\t\t\t\t<div class=\"elementor-element elementor-element-ac4cf0d elementor-widget elementor-widget-heading\" data-id=\"ac4cf0d\" data-element_type=\"widget\" data-e-type=\"widget\" data-widget_type=\"heading.default\">\n\t\t\t\t\t<h4 class=\"elementor-heading-title elementor-size-default\">Willkommen bei HairStudioSabine<\/h4>\t\t\t\t<\/div>\n\t\t\t\t<div class=\"elementor-element elementor-element-b0bc09e elementor-widget elementor-widget-text-editor\" data-id=\"b0bc09e\" data-element_type=\"widget\" data-e-type=\"widget\" data-widget_type=\"text-editor.default\">\n\t\t\t\t\t\t\t\t\t<p>In Schrems &amp; Harbach verbinden wir Handwerk, Herz und Stil &#8211; f\u00fcr Looks, die perfekt zu dir passen.<\/p>\t\t\t\t\t\t\t\t<\/div>\n\t\t\t\t\t<\/div>\n\t\t\t\t<\/div>\n\t\t<div class=\"elementor-element elementor-element-23e0e13 e-flex e-con-boxed e-con e-parent\" data-id=\"23e0e13\" data-element_type=\"container\" data-e-type=\"container\">\n\t\t\t\t\t<div class=\"e-con-inner\">\n\t\t\t\t<div class=\"elementor-element elementor-element-4712b45 elementor-align-center elementor-widget elementor-widget-button\" data-id=\"4712b45\" data-element_type=\"widget\" data-e-type=\"widget\" data-widget_type=\"button.default\">\n\t\t\t\t\t\t\t\t\t\t<a class=\"elementor-button elementor-button-link elementor-size-sm\" href=\"https:\/\/www.hairstudiosabine.at\/?page_id=202\">\n\t\t\t\t\t\t<span class=\"elementor-button-content-wrapper\">\n\t\t\t\t\t\t\t\t\t<span class=\"elementor-button-text\">Standorte ansehen<\/span>\n\t\t\t\t\t<\/span>\n\t\t\t\t\t<\/a>\n\t\t\t\t\t\t\t\t<\/div>\n\t\t\t\t<div class=\"elementor-element elementor-element-49534ae elementor-align-center elementor-widget elementor-widget-button\" data-id=\"49534ae\" data-element_type=\"widget\" data-e-type=\"widget\" data-widget_type=\"button.default\">\n\t\t\t\t\t\t\t\t\t\t<a class=\"elementor-button elementor-button-link elementor-size-sm\" href=\"tel:06645055672\">\n\t\t\t\t\t\t<span class=\"elementor-button-content-wrapper\">\n\t\t\t\t\t\t\t\t\t<span class=\"elementor-button-text\">Termin buchen<\/span>\n\t\t\t\t\t<\/span>\n\t\t\t\t\t<\/a>\n\t\t\t\t\t\t\t\t<\/div>\n\t\t\t\t\t<\/div>\n\t\t\t\t<\/div>\n\t\t<div class=\"elementor-element elementor-element-d779b29 e-flex e-con-boxed e-con e-parent\" data-id=\"d779b29\" data-element_type=\"container\" data-e-type=\"container\" data-settings=\"{&quot;background_background&quot;:&quot;classic&quot;}\">\n\t\t\t\t\t<div class=\"e-con-inner\">\n\t\t\t\t<div class=\"elementor-element elementor-element-ec9d04b elementor-widget elementor-widget-heading\" data-id=\"ec9d04b\" data-element_type=\"widget\" data-e-type=\"widget\" data-widget_type=\"heading.default\">\n\t\t\t\t\t<h2 class=\"elementor-heading-title elementor-size-default\">\u00dcber uns <\/h2>\t\t\t\t<\/div>\n\t\t\t\t<div class=\"elementor-element elementor-element-05ac5e2 elementor-widget elementor-widget-text-editor\" data-id=\"05ac5e2\" data-element_type=\"widget\" data-e-type=\"widget\" data-widget_type=\"text-editor.default\">\n\t\t\t\t\t\t\t\t\t<p>Seit \u00fcber 30 Jahren verbinden wir Handwerk auf h\u00f6chstem Niveau mit pers\u00f6nlicher Beratung. HairStudioSabine steht f\u00fcr Qualit\u00e4t die man sieht &#8211; und f\u00fcr einen Anspruch, der \u00fcber den Standard hinausgeht.&nbsp;<\/p>\t\t\t\t\t\t\t\t<\/div>\n\t\t\t\t\t<\/div>\n\t\t\t\t<\/div>\n\t\t<div class=\"elementor-element elementor-element-f1bdfe5 e-flex e-con-boxed e-con e-parent\" data-id=\"f1bdfe5\" data-element_type=\"container\" data-e-type=\"container\">\n\t\t\t\t\t<div class=\"e-con-inner\">\n\t\t\t\t<div class=\"elementor-element elementor-element-d3bbb3c elementor-widget elementor-widget-heading\" data-id=\"d3bbb3c\" data-element_type=\"widget\" data-e-type=\"widget\" data-widget_type=\"heading.default\">\n\t\t\t\t\t<h2 class=\"elementor-heading-title elementor-size-default\">Unsere Leistungen<\/h2>\t\t\t\t<\/div>\n\t\t\t\t\t<\/div>\n\t\t\t\t<\/div>\n\t\t<div class=\"elementor-element elementor-element-d7e4928 e-flex e-con-boxed e-con e-parent\" data-id=\"d7e4928\" data-element_type=\"container\" data-e-type=\"container\" data-settings=\"{&quot;background_background&quot;:&quot;classic&quot;}\">\n\t\t\t\t\t<div class=\"e-con-inner\">\n\t\t<div class=\"elementor-element elementor-element-c58cd8d e-con-full e-flex e-con e-child\" data-id=\"c58cd8d\" data-element_type=\"container\" data-e-type=\"container\" data-settings=\"{&quot;background_background&quot;:&quot;classic&quot;}\">\n\t\t\t\t<div class=\"elementor-element elementor-element-ac5a6ab elementor-widget elementor-widget-image\" data-id=\"ac5a6ab\" data-element_type=\"widget\" data-e-type=\"widget\" data-widget_type=\"image.default\">\n\t\t\t\t\t\t\t\t\t\t\t\t\t\t\t<img fetchpriority=\"high\" decoding=\"async\" width=\"1920\" height=\"1922\" src=\"https:\/\/www.hairstudiosabine.at\/wp-content\/uploads\/2026\/03\/IMG_1512-scaled-e1772385045869.jpg\" class=\"attachment-full size-full wp-image-418\" alt=\"\" srcset=\"https:\/\/www.hairstudiosabine.at\/wp-content\/uploads\/2026\/03\/IMG_1512-scaled-e1772385045869.jpg 1920w, https:\/\/www.hairstudiosabine.at\/wp-content\/uploads\/2026\/03\/IMG_1512-scaled-e1772385045869-300x300.jpg 300w, https:\/\/www.hairstudiosabine.at\/wp-content\/uploads\/2026\/03\/IMG_1512-scaled-e1772385045869-1024x1024.jpg 1024w, https:\/\/www.hairstudiosabine.at\/wp-content\/uploads\/2026\/03\/IMG_1512-scaled-e1772385045869-150x150.jpg 150w, https:\/\/www.hairstudiosabine.at\/wp-content\/uploads\/2026\/03\/IMG_1512-scaled-e1772385045869-768x769.jpg 768w, https:\/\/www.hairstudiosabine.at\/wp-content\/uploads\/2026\/03\/IMG_1512-scaled-e1772385045869-1534x1536.jpg 1534w\" sizes=\"(max-width: 1920px) 100vw, 1920px\" \/>\t\t\t\t\t\t\t\t\t\t\t\t\t\t\t<\/div>\n\t\t\t\t<div class=\"elementor-element elementor-element-8f4f436 elementor-widget elementor-widget-heading\" data-id=\"8f4f436\" data-element_type=\"widget\" data-e-type=\"widget\" data-widget_type=\"heading.default\">\n\t\t\t\t\t<h2 class=\"elementor-heading-title elementor-size-default\">Haarschnitt &amp; Styling<\/h2>\t\t\t\t<\/div>\n\t\t\t\t<div class=\"elementor-element elementor-element-0bcda31 elementor-widget elementor-widget-text-editor\" data-id=\"0bcda31\" data-element_type=\"widget\" data-e-type=\"widget\" data-widget_type=\"text-editor.default\">\n\t\t\t\t\t\t\t\t\t<p>Pr\u00e4zise Schnitte und individuelle Stylings &#8211; abgestimmt auf Pers\u00f6nlichkeit, Haarstruktur und Lebensstil.<\/p>\t\t\t\t\t\t\t\t<\/div>\n\t\t\t\t<\/div>\n\t\t<div class=\"elementor-element elementor-element-22c39b4 e-con-full e-flex e-con e-child\" data-id=\"22c39b4\" data-element_type=\"container\" data-e-type=\"container\" data-settings=\"{&quot;background_background&quot;:&quot;classic&quot;}\">\n\t\t\t\t<div class=\"elementor-element elementor-element-a6675e3 elementor-widget elementor-widget-image\" data-id=\"a6675e3\" data-element_type=\"widget\" data-e-type=\"widget\" data-widget_type=\"image.default\">\n\t\t\t\t\t\t\t\t\t\t\t\t\t\t\t<img decoding=\"async\" width=\"1024\" height=\"1024\" src=\"https:\/\/www.hairstudiosabine.at\/wp-content\/uploads\/2026\/03\/IMG_2338-scaled-e1772385118244-1024x1024.jpg\" class=\"attachment-large size-large wp-image-413\" alt=\"\" srcset=\"https:\/\/www.hairstudiosabine.at\/wp-content\/uploads\/2026\/03\/IMG_2338-scaled-e1772385118244-1024x1024.jpg 1024w, https:\/\/www.hairstudiosabine.at\/wp-content\/uploads\/2026\/03\/IMG_2338-scaled-e1772385118244-300x300.jpg 300w, https:\/\/www.hairstudiosabine.at\/wp-content\/uploads\/2026\/03\/IMG_2338-scaled-e1772385118244-150x150.jpg 150w, https:\/\/www.hairstudiosabine.at\/wp-content\/uploads\/2026\/03\/IMG_2338-scaled-e1772385118244-768x769.jpg 768w, https:\/\/www.hairstudiosabine.at\/wp-content\/uploads\/2026\/03\/IMG_2338-scaled-e1772385118244-1534x1536.jpg 1534w, https:\/\/www.hairstudiosabine.at\/wp-content\/uploads\/2026\/03\/IMG_2338-scaled-e1772385118244.jpg 1920w\" sizes=\"(max-width: 1024px) 100vw, 1024px\" \/>\t\t\t\t\t\t\t\t\t\t\t\t\t\t\t<\/div>\n\t\t\t\t<div class=\"elementor-element elementor-element-c41cc94 elementor-widget elementor-widget-heading\" data-id=\"c41cc94\" data-element_type=\"widget\" data-e-type=\"widget\" data-widget_type=\"heading.default\">\n\t\t\t\t\t<h2 class=\"elementor-heading-title elementor-size-default\">Farbe &amp; Str\u00e4hnen<\/h2>\t\t\t\t<\/div>\n\t\t\t\t<div class=\"elementor-element elementor-element-a29211a elementor-widget elementor-widget-text-editor\" data-id=\"a29211a\" data-element_type=\"widget\" data-e-type=\"widget\" data-widget_type=\"text-editor.default\">\n\t\t\t\t\t\t\t\t\t<p>Moderne Farbtechniken, sanfte Highlights und professionelle Wella-Farbsysteme f\u00fcr briliante, gesunde Ergebnisse.<\/p>\t\t\t\t\t\t\t\t<\/div>\n\t\t\t\t<\/div>\n\t\t<div class=\"elementor-element elementor-element-ad770f0 e-con-full e-flex e-con e-child\" data-id=\"ad770f0\" data-element_type=\"container\" data-e-type=\"container\" data-settings=\"{&quot;background_background&quot;:&quot;classic&quot;}\">\n\t\t\t\t<div class=\"elementor-element elementor-element-08b45ff elementor-widget elementor-widget-image\" data-id=\"08b45ff\" data-element_type=\"widget\" data-e-type=\"widget\" data-widget_type=\"image.default\">\n\t\t\t\t\t\t\t\t\t\t\t\t\t\t\t<img decoding=\"async\" width=\"1000\" height=\"1000\" src=\"https:\/\/www.hairstudiosabine.at\/wp-content\/uploads\/2026\/03\/Wella_Professionals_Care_Ultimate_Repair_Night_Serum_30ml_DE_1.jpg\" class=\"attachment-large size-large wp-image-427\" alt=\"\" srcset=\"https:\/\/www.hairstudiosabine.at\/wp-content\/uploads\/2026\/03\/Wella_Professionals_Care_Ultimate_Repair_Night_Serum_30ml_DE_1.jpg 1000w, https:\/\/www.hairstudiosabine.at\/wp-content\/uploads\/2026\/03\/Wella_Professionals_Care_Ultimate_Repair_Night_Serum_30ml_DE_1-300x300.jpg 300w, https:\/\/www.hairstudiosabine.at\/wp-content\/uploads\/2026\/03\/Wella_Professionals_Care_Ultimate_Repair_Night_Serum_30ml_DE_1-150x150.jpg 150w, https:\/\/www.hairstudiosabine.at\/wp-content\/uploads\/2026\/03\/Wella_Professionals_Care_Ultimate_Repair_Night_Serum_30ml_DE_1-768x768.jpg 768w\" sizes=\"(max-width: 1000px) 100vw, 1000px\" \/>\t\t\t\t\t\t\t\t\t\t\t\t\t\t\t<\/div>\n\t\t\t\t<div class=\"elementor-element elementor-element-6da8b9b elementor-widget elementor-widget-heading\" data-id=\"6da8b9b\" data-element_type=\"widget\" data-e-type=\"widget\" data-widget_type=\"heading.default\">\n\t\t\t\t\t<h2 class=\"elementor-heading-title elementor-size-default\">Pflege &amp; Treatments<\/h2>\t\t\t\t<\/div>\n\t\t\t\t<div class=\"elementor-element elementor-element-5902081 elementor-widget elementor-widget-text-editor\" data-id=\"5902081\" data-element_type=\"widget\" data-e-type=\"widget\" data-widget_type=\"text-editor.default\">\n\t\t\t\t\t\t\t\t\t<p>Exklusive Pflegekonzepte, Kopfhautanalyse und hochwertige Treatments f\u00fcr sichtbare gesunde Haare.<\/p>\t\t\t\t\t\t\t\t<\/div>\n\t\t\t\t<\/div>\n\t\t\t\t\t<\/div>\n\t\t\t\t<\/div>\n\t\t<div class=\"elementor-element elementor-element-a57d4ab e-flex e-con-boxed e-con e-parent\" data-id=\"a57d4ab\" data-element_type=\"container\" data-e-type=\"container\">\n\t\t\t\t\t<div class=\"e-con-inner\">\n\t\t\t\t<div class=\"elementor-element elementor-element-59dfff4 elementor-align-center elementor-widget elementor-widget-button\" data-id=\"59dfff4\" data-element_type=\"widget\" data-e-type=\"widget\" data-widget_type=\"button.default\">\n\t\t\t\t\t\t\t\t\t\t<a class=\"elementor-button elementor-button-link elementor-size-sm\" href=\"https:\/\/www.hairstudiosabine.at\/?page_id=128\">\n\t\t\t\t\t\t<span class=\"elementor-button-content-wrapper\">\n\t\t\t\t\t\t\t\t\t<span class=\"elementor-button-text\">Preisliste ansehen<\/span>\n\t\t\t\t\t<\/span>\n\t\t\t\t\t<\/a>\n\t\t\t\t\t\t\t\t<\/div>\n\t\t\t\t\t<\/div>\n\t\t\t\t<\/div>\n\t\t<div class=\"elementor-element elementor-element-aa4f26a e-flex e-con-boxed e-con e-parent\" data-id=\"aa4f26a\" data-element_type=\"container\" data-e-type=\"container\" data-settings=\"{&quot;background_background&quot;:&quot;classic&quot;}\">\n\t\t\t\t\t<div class=\"e-con-inner\">\n\t\t\t\t<div class=\"elementor-element elementor-element-8e28bcd elementor-widget elementor-widget-heading\" data-id=\"8e28bcd\" data-element_type=\"widget\" data-e-type=\"widget\" data-widget_type=\"heading.default\">\n\t\t\t\t\t<h2 class=\"elementor-heading-title elementor-size-default\"><i>Unser Team - mit Herz, Stil und Leidenschaft<\/i> <\/h2>\t\t\t\t<\/div>\n\t\t\t\t<div class=\"elementor-element elementor-element-9a2dff3 elementor-widget elementor-widget-text-editor\" data-id=\"9a2dff3\" data-element_type=\"widget\" data-e-type=\"widget\" data-widget_type=\"text-editor.default\">\n\t\t\t\t\t\t\t\t\t<p>Erfahrung, fachliche Kompetenz und ein Gesp\u00fcr f\u00fcr \u00c4sthetik zeichnen unser Team aus. Wir arbeiten mit Leidenschaft &#8211; und mit dem Anspruch, jedes Detail perfekt umzusetzen.<\/p>\t\t\t\t\t\t\t\t<\/div>\n\t\t\t\t<div class=\"elementor-element elementor-element-ff7b331 elementor-align-center elementor-widget elementor-widget-button\" data-id=\"ff7b331\" data-element_type=\"widget\" data-e-type=\"widget\" data-widget_type=\"button.default\">\n\t\t\t\t\t\t\t\t\t\t<a class=\"elementor-button elementor-button-link elementor-size-sm\" href=\"https:\/\/www.hairstudiosabine.at\/?page_id=126\">\n\t\t\t\t\t\t<span class=\"elementor-button-content-wrapper\">\n\t\t\t\t\t\t\t\t\t<span class=\"elementor-button-text\">Unser Team entdecken<\/span>\n\t\t\t\t\t<\/span>\n\t\t\t\t\t<\/a>\n\t\t\t\t\t\t\t\t<\/div>\n\t\t\t\t\t<\/div>\n\t\t\t\t<\/div>\n\t\t<div class=\"elementor-element elementor-element-a02d3ac e-flex e-con-boxed e-con e-parent\" data-id=\"a02d3ac\" data-element_type=\"container\" data-e-type=\"container\">\n\t\t\t\t\t<div class=\"e-con-inner\">\n\t\t\t\t<div class=\"elementor-element elementor-element-4e69154 elementor-widget elementor-widget-heading\" data-id=\"4e69154\" data-element_type=\"widget\" data-e-type=\"widget\" data-widget_type=\"heading.default\">\n\t\t\t\t\t<h2 class=\"elementor-heading-title elementor-size-default\"><i>Schrems &amp; Harbach -  zwei Standorte, ein Anspruch<\/i><\/h2>\t\t\t\t<\/div>\n\t\t\t\t<div class=\"elementor-element elementor-element-47c6198 elementor-widget elementor-widget-text-editor\" data-id=\"47c6198\" data-element_type=\"widget\" data-e-type=\"widget\" data-widget_type=\"text-editor.default\">\n\t\t\t\t\t\t\t\t\t<p>In Schrems &amp; Harbach empfangen wir dich in moderner, stilvoller Atmosph\u00e4re. Beide Standorte stehen f\u00fcr den selben Anspruch: h\u00f6chste Qualit\u00e4t, pr\u00e4zise Handwerkskunst und pers\u00f6nliche Beratung.<\/p>\t\t\t\t\t\t\t\t<\/div>\n\t\t\t\t\t<\/div>\n\t\t\t\t<\/div>\n\t\t<div class=\"elementor-element elementor-element-6a46e73 e-flex e-con-boxed e-con e-parent\" data-id=\"6a46e73\" data-element_type=\"container\" data-e-type=\"container\" data-settings=\"{&quot;background_background&quot;:&quot;classic&quot;}\">\n\t\t\t\t\t<div class=\"e-con-inner\">\n\t\t\t\t<div class=\"elementor-element elementor-element-5dbc8c4 elementor-widget elementor-widget-heading\" data-id=\"5dbc8c4\" data-element_type=\"widget\" data-e-type=\"widget\" data-widget_type=\"heading.default\">\n\t\t\t\t\t<h2 class=\"elementor-heading-title elementor-size-default\">Bereit f\u00fcr deinen n\u00e4chsten Termin?<\/h2>\t\t\t\t<\/div>\n\t\t\t\t<div class=\"elementor-element elementor-element-f2635df elementor-widget elementor-widget-text-editor\" data-id=\"f2635df\" data-element_type=\"widget\" data-e-type=\"widget\" data-widget_type=\"text-editor.default\">\n\t\t\t\t\t\t\t\t\t<p>Erlebe Friseurhandwerk auf h\u00f6chstem Niveau \u2013 in Schrems oder Harbach.<\/p>\t\t\t\t\t\t\t\t<\/div>\n\t\t\t\t<div class=\"elementor-element elementor-element-14b7350 elementor-align-center elementor-widget elementor-widget-button\" data-id=\"14b7350\" data-element_type=\"widget\" data-e-type=\"widget\" data-widget_type=\"button.default\">\n\t\t\t\t\t\t\t\t\t\t<a class=\"elementor-button elementor-button-link elementor-size-sm\" href=\"tel:06645055672\">\n\t\t\t\t\t\t<span class=\"elementor-button-content-wrapper\">\n\t\t\t\t\t\t\t\t\t<span class=\"elementor-button-text\">Jetzt Termin vereinbaren<\/span>\n\t\t\t\t\t<\/span>\n\t\t\t\t\t<\/a>\n\t\t\t\t\t\t\t\t<\/div>\n\t\t\t\t\t<\/div>\n\t\t\t\t<\/div>\n\t\t<div class=\"elementor-element elementor-element-666f991 e-flex e-con-boxed e-con e-parent\" data-id=\"666f991\" data-element_type=\"container\" data-e-type=\"container\">\n\t\t\t\t\t<div class=\"e-con-inner\">\n\t\t\t\t<div class=\"elementor-element elementor-element-836e3dd elementor-widget elementor-widget-text-editor\" data-id=\"836e3dd\" data-element_type=\"widget\" data-e-type=\"widget\" data-widget_type=\"text-editor.default\">\n\t\t\t\t\t\t\t\t\t<p>Folge uns auf Instagram &amp; Facebook und entdecke Looks, Aktionen &amp; Einblicke.<br \/>Hair Studio Sabine \u2013 wo Stil zuhause ist.<\/p>\t\t\t\t\t\t\t\t<\/div>\n\t\t\t\t\t<\/div>\n\t\t\t\t<\/div>\n\t\t<div class=\"elementor-element elementor-element-4ec4c40 e-flex e-con-boxed e-con e-parent\" data-id=\"4ec4c40\" data-element_type=\"container\" data-e-type=\"container\">\n\t\t\t\t\t<div class=\"e-con-inner\">\n\t\t\t\t<div class=\"elementor-element elementor-element-0df02a7 elementor-shape-rounded elementor-grid-0 e-grid-align-center elementor-widget elementor-widget-social-icons\" data-id=\"0df02a7\" data-element_type=\"widget\" data-e-type=\"widget\" data-widget_type=\"social-icons.default\">\n\t\t\t\t\t\t\t<div class=\"elementor-social-icons-wrapper elementor-grid\" role=\"list\">\n\t\t\t\t\t\t\t<span class=\"elementor-grid-item\" role=\"listitem\">\n\t\t\t\t\t<a class=\"elementor-icon elementor-social-icon elementor-social-icon-facebook elementor-repeater-item-08abd85\" href=\"https:\/\/www.facebook.com\/profile.php?id=100063752852292&#038;mibextid=wwXIfr&#038;rdid=b15jtdSfLWKncHoS&#038;share_url=https%3A%2F%2Fwww.facebook.com%2Fshare%2F1GBdWC2QCp%2F%3Fmibextid%3DwwXIfr#\" target=\"_blank\">\n\t\t\t\t\t\t<span class=\"elementor-screen-only\">Facebook<\/span>\n\t\t\t\t\t\t<svg aria-hidden=\"true\" class=\"e-font-icon-svg e-fab-facebook\" viewBox=\"0 0 512 512\" xmlns=\"http:\/\/www.w3.org\/2000\/svg\"><path d=\"M504 256C504 119 393 8 256 8S8 119 8 256c0 123.78 90.69 226.38 209.25 245V327.69h-63V256h63v-54.64c0-62.15 37-96.48 93.67-96.48 27.14 0 55.52 4.84 55.52 4.84v61h-31.28c-30.8 0-40.41 19.12-40.41 38.73V256h68.78l-11 71.69h-57.78V501C413.31 482.38 504 379.78 504 256z\"><\/path><\/svg>\t\t\t\t\t<\/a>\n\t\t\t\t<\/span>\n\t\t\t\t\t\t\t<span class=\"elementor-grid-item\" role=\"listitem\">\n\t\t\t\t\t<a class=\"elementor-icon elementor-social-icon elementor-social-icon-instagram elementor-repeater-item-a3c66e3\" href=\"https:\/\/www.instagram.com\/hair_studio_sabine\/\" target=\"_blank\">\n\t\t\t\t\t\t<span class=\"elementor-screen-only\">Instagram<\/span>\n\t\t\t\t\t\t<svg aria-hidden=\"true\" class=\"e-font-icon-svg e-fab-instagram\" viewBox=\"0 0 448 512\" xmlns=\"http:\/\/www.w3.org\/2000\/svg\"><path d=\"M224.1 141c-63.6 0-114.9 51.3-114.9 114.9s51.3 114.9 114.9 114.9S339 319.5 339 255.9 287.7 141 224.1 141zm0 189.6c-41.1 0-74.7-33.5-74.7-74.7s33.5-74.7 74.7-74.7 74.7 33.5 74.7 74.7-33.6 74.7-74.7 74.7zm146.4-194.3c0 14.9-12 26.8-26.8 26.8-14.9 0-26.8-12-26.8-26.8s12-26.8 26.8-26.8 26.8 12 26.8 26.8zm76.1 27.2c-1.7-35.9-9.9-67.7-36.2-93.9-26.2-26.2-58-34.4-93.9-36.2-37-2.1-147.9-2.1-184.9 0-35.8 1.7-67.6 9.9-93.9 36.1s-34.4 58-36.2 93.9c-2.1 37-2.1 147.9 0 184.9 1.7 35.9 9.9 67.7 36.2 93.9s58 34.4 93.9 36.2c37 2.1 147.9 2.1 184.9 0 35.9-1.7 67.7-9.9 93.9-36.2 26.2-26.2 34.4-58 36.2-93.9 2.1-37 2.1-147.8 0-184.8zM398.8 388c-7.8 19.6-22.9 34.7-42.6 42.6-29.5 11.7-99.5 9-132.1 9s-102.7 2.6-132.1-9c-19.6-7.8-34.7-22.9-42.6-42.6-11.7-29.5-9-99.5-9-132.1s-2.6-102.7 9-132.1c7.8-19.6 22.9-34.7 42.6-42.6 29.5-11.7 99.5-9 132.1-9s102.7-2.6 132.1 9c19.6 7.8 34.7 22.9 42.6 42.6 11.7 29.5 9 99.5 9 132.1s2.7 102.7-9 132.1z\"><\/path><\/svg>\t\t\t\t\t<\/a>\n\t\t\t\t<\/span>\n\t\t\t\t\t<\/div>\n\t\t\t\t\t\t<\/div>\n\t\t\t\t\t<\/div>\n\t\t\t\t<\/div>\n\t\t\t\t<\/div>\n\t\t","protected":false},"excerpt":{"rendered":"<p>HairStudioSabine Dein Stil. Dein Moment. Dein Friseur im Waldviertel. Willkommen bei HairStudioSabine In Schrems &amp; Harbach verbinden wir Handwerk, Herz [&hellip;]<\/p>\n","protected":false},"author":1,"featured_media":0,"parent":0,"menu_order":0,"comment_status":"closed","ping_status":"closed","template":"","meta":{"site-sidebar-layout":"no-sidebar","site-content-layout":"","ast-site-content-layout":"full-width-container","site-content-style":"default","site-sidebar-style":"default","ast-global-header-display":"","ast-banner-title-visibility":"","ast-main-header-display":"","ast-hfb-above-header-display":"","ast-hfb-below-header-display":"","ast-hfb-mobile-header-display":"","site-post-title":"disabled","ast-breadcrumbs-content":"","ast-featured-img":"disabled","footer-sml-layout":"","ast-disable-related-posts":"","theme-transparent-header-meta":"","adv-header-id-meta":"","stick-header-meta":"","header-above-stick-meta":"","header-main-stick-meta":"","header-below-stick-meta":"","astra-migrate-meta-layouts":"default","ast-page-background-enabled":"default","ast-page-background-meta":{"desktop":{"background-color":"var(--ast-global-color-5)","background-image":"","background-repeat":"repeat","background-position":"center center","background-size":"auto","background-attachment":"scroll","background-type":"","background-media":"","overlay-type":"","overlay-color":"","overlay-opacity":"","overlay-gradient":""},"tablet":{"background-color":"","background-image":"","background-repeat":"repeat","background-position":"center center","background-size":"auto","background-attachment":"scroll","background-type":"","background-media":"","overlay-type":"","overlay-color":"","overlay-opacity":"","overlay-gradient":""},"mobile":{"background-color":"","background-image":"","background-repeat":"repeat","background-position":"center center","background-size":"auto","background-attachment":"scroll","background-type":"","background-media":"","overlay-type":"","overlay-color":"","overlay-opacity":"","overlay-gradient":""}},"ast-content-background-meta":{"desktop":{"background-color":"var(--ast-global-color-4)","background-image":"","background-repeat":"repeat","background-position":"center center","background-size":"auto","background-attachment":"scroll","background-type":"","background-media":"","overlay-type":"","overlay-color":"","overlay-opacity":"","overlay-gradient":""},"tablet":{"background-color":"var(--ast-global-color-4)","background-image":"","background-repeat":"repeat","background-position":"center center","background-size":"auto","background-attachment":"scroll","background-type":"","background-media":"","overlay-type":"","overlay-color":"","overlay-opacity":"","overlay-gradient":""},"mobile":{"background-color":"var(--ast-global-color-4)","background-image":"","background-repeat":"repeat","background-position":"center center","background-size":"auto","background-attachment":"scroll","background-type":"","background-media":"","overlay-type":"","overlay-color":"","overlay-opacity":"","overlay-gradient":""}},"_themeisle_gutenberg_block_has_review":false,"footnotes":""},"class_list":["post-123","page","type-page","status-publish","hentry"],"_links":{"self":[{"href":"https:\/\/www.hairstudiosabine.at\/index.php?rest_route=\/wp\/v2\/pages\/123","targetHints":{"allow":["GET"]}}],"collection":[{"href":"https:\/\/www.hairstudiosabine.at\/index.php?rest_route=\/wp\/v2\/pages"}],"about":[{"href":"https:\/\/www.hairstudiosabine.at\/index.php?rest_route=\/wp\/v2\/types\/page"}],"author":[{"embeddable":true,"href":"https:\/\/www.hairstudiosabine.at\/index.php?rest_route=\/wp\/v2\/users\/1"}],"replies":[{"embeddable":true,"href":"https:\/\/www.hairstudiosabine.at\/index.php?rest_route=%2Fwp%2Fv2%2Fcomments&post=123"}],"version-history":[{"count":63,"href":"https:\/\/www.hairstudiosabine.at\/index.php?rest_route=\/wp\/v2\/pages\/123\/revisions"}],"predecessor-version":[{"id":609,"href":"https:\/\/www.hairstudiosabine.at\/index.php?rest_route=\/wp\/v2\/pages\/123\/revisions\/609"}],"wp:attachment":[{"href":"https:\/\/www.hairstudiosabine.at\/index.php?rest_route=%2Fwp%2Fv2%2Fmedia&parent=123"}],"curies":[{"name":"wp","href":"https:\/\/api.w.org\/{rel}","templated":true}]}}