{"id":126,"date":"2025-11-01T13:58:00","date_gmt":"2025-11-01T13:58:00","guid":{"rendered":"https:\/\/www.hairstudiosabine.at\/?page_id=126"},"modified":"2026-03-03T15:24:09","modified_gmt":"2026-03-03T15:24:09","slug":"team","status":"publish","type":"page","link":"https:\/\/www.hairstudiosabine.at\/?page_id=126","title":{"rendered":"Team"},"content":{"rendered":"\t\t<div data-elementor-type=\"wp-page\" data-elementor-id=\"126\" class=\"elementor elementor-126\">\n\t\t\t\t<div class=\"elementor-element elementor-element-01fc24f e-flex e-con-boxed e-con e-parent\" data-id=\"01fc24f\" data-element_type=\"container\" data-e-type=\"container\" data-settings=\"{&quot;background_background&quot;:&quot;classic&quot;}\">\n\t\t\t\t\t<div class=\"e-con-inner\">\n\t\t\t\t<div class=\"elementor-element elementor-element-7db3ad9 elementor-widget elementor-widget-heading\" data-id=\"7db3ad9\" data-element_type=\"widget\" data-e-type=\"widget\" data-widget_type=\"heading.default\">\n\t\t\t\t\t<h2 class=\"elementor-heading-title elementor-size-default\">Unser Team<\/h2>\t\t\t\t<\/div>\n\t\t\t\t<div class=\"elementor-element elementor-element-06e7941 elementor-widget elementor-widget-heading\" data-id=\"06e7941\" data-element_type=\"widget\" data-e-type=\"widget\" data-widget_type=\"heading.default\">\n\t\t\t\t\t<h4 class=\"elementor-heading-title elementor-size-default\">Mit Herz, Handwerk &amp; Leidenschaft<\/h4>\t\t\t\t<\/div>\n\t\t\t\t\t<\/div>\n\t\t\t\t<\/div>\n\t\t<div class=\"elementor-element elementor-element-8f27e48 e-flex e-con-boxed e-con e-parent\" data-id=\"8f27e48\" data-element_type=\"container\" data-e-type=\"container\">\n\t\t\t\t\t<div class=\"e-con-inner\">\n\t\t\t\t<div class=\"elementor-element elementor-element-25bfa88 elementor-widget elementor-widget-text-editor\" data-id=\"25bfa88\" data-element_type=\"widget\" data-e-type=\"widget\" data-widget_type=\"text-editor.default\">\n\t\t\t\t\t\t\t\t\t<p>Menschen, die ihren Beruf lieben. Jede von uns bringt ihre eigene Handschrift, ihren Stil und ihre Erfahrung ein \u2013 gemeinsam sorgen wir daf\u00fcr, dass du dich vom ersten Moment an wohlf\u00fchlst.<\/p>\t\t\t\t\t\t\t\t<\/div>\n\t\t\t\t<div class=\"elementor-element elementor-element-a1c55fc elementor-align-center elementor-widget elementor-widget-button\" data-id=\"a1c55fc\" data-element_type=\"widget\" data-e-type=\"widget\" data-widget_type=\"button.default\">\n\t\t\t\t\t\t\t\t\t\t<a class=\"elementor-button elementor-button-link elementor-size-sm\" href=\"tel:06645055672\">\n\t\t\t\t\t\t<span class=\"elementor-button-content-wrapper\">\n\t\t\t\t\t\t\t\t\t<span class=\"elementor-button-text\">Jetzt Termin bei deinem Wunschstylisten buchen<\/span>\n\t\t\t\t\t<\/span>\n\t\t\t\t\t<\/a>\n\t\t\t\t\t\t\t\t<\/div>\n\t\t\t\t\t<\/div>\n\t\t\t\t<\/div>\n\t\t<div class=\"elementor-element elementor-element-76f6797 e-flex e-con-boxed e-con e-parent\" data-id=\"76f6797\" data-element_type=\"container\" data-e-type=\"container\" data-settings=\"{&quot;background_background&quot;:&quot;classic&quot;}\">\n\t\t\t\t\t<div class=\"e-con-inner\">\n\t\t<div class=\"elementor-element elementor-element-9358a5e e-con-full e-flex e-con e-child\" data-id=\"9358a5e\" data-element_type=\"container\" data-e-type=\"container\" data-settings=\"{&quot;background_background&quot;:&quot;classic&quot;}\">\n\t\t\t\t<div class=\"elementor-element elementor-element-ac1f4a1 elementor-widget elementor-widget-image\" data-id=\"ac1f4a1\" data-element_type=\"widget\" data-e-type=\"widget\" data-widget_type=\"image.default\">\n\t\t\t\t\t\t\t\t\t\t\t\t\t\t\t<img fetchpriority=\"high\" decoding=\"async\" width=\"1024\" height=\"819\" src=\"https:\/\/www.hairstudiosabine.at\/wp-content\/uploads\/2026\/02\/20260204_HairstudioSabine0308Web-1024x819.jpg\" class=\"attachment-large size-large wp-image-326\" alt=\"\" srcset=\"https:\/\/www.hairstudiosabine.at\/wp-content\/uploads\/2026\/02\/20260204_HairstudioSabine0308Web-1024x819.jpg 1024w, https:\/\/www.hairstudiosabine.at\/wp-content\/uploads\/2026\/02\/20260204_HairstudioSabine0308Web-300x240.jpg 300w, https:\/\/www.hairstudiosabine.at\/wp-content\/uploads\/2026\/02\/20260204_HairstudioSabine0308Web-768x614.jpg 768w, https:\/\/www.hairstudiosabine.at\/wp-content\/uploads\/2026\/02\/20260204_HairstudioSabine0308Web-1536x1229.jpg 1536w, https:\/\/www.hairstudiosabine.at\/wp-content\/uploads\/2026\/02\/20260204_HairstudioSabine0308Web-2048x1638.jpg 2048w\" sizes=\"(max-width: 1024px) 100vw, 1024px\" \/>\t\t\t\t\t\t\t\t\t\t\t\t\t\t\t<\/div>\n\t\t\t\t<div class=\"elementor-element elementor-element-4613f94 elementor-widget elementor-widget-heading\" data-id=\"4613f94\" data-element_type=\"widget\" data-e-type=\"widget\" data-widget_type=\"heading.default\">\n\t\t\t\t\t<h3 class=\"elementor-heading-title elementor-size-default\"><b>Sabine \u2013 Inhaberin<\/b><\/h3>\t\t\t\t<\/div>\n\t\t\t\t<div class=\"elementor-element elementor-element-64b449a elementor-widget elementor-widget-heading\" data-id=\"64b449a\" data-element_type=\"widget\" data-e-type=\"widget\" data-widget_type=\"heading.default\">\n\t\t\t\t\t<h5 class=\"elementor-heading-title elementor-size-default\">Meister <\/h5>\t\t\t\t<\/div>\n\t\t\t\t<div class=\"elementor-element elementor-element-b580294 elementor-widget elementor-widget-text-editor\" data-id=\"b580294\" data-element_type=\"widget\" data-e-type=\"widget\" data-widget_type=\"text-editor.default\">\n\t\t\t\t\t\t\t\t\t<p><strong>Gr\u00fcnderin und Herz des Salons.<\/strong><br data-start=\"237\" data-end=\"240\" \/>Meisterin f\u00fcr pr\u00e4zise Schnitte, Blond- und Balayage-Techniken sowie Eventstyling. Erfahrung und pers\u00f6nliche Beratung auf h\u00f6chstem Niveau.<\/p>\t\t\t\t\t\t\t\t<\/div>\n\t\t\t\t<\/div>\n\t\t<div class=\"elementor-element elementor-element-ab392a9 e-con-full e-flex e-con e-child\" data-id=\"ab392a9\" data-element_type=\"container\" data-e-type=\"container\" data-settings=\"{&quot;background_background&quot;:&quot;classic&quot;}\">\n\t\t\t\t<div class=\"elementor-element elementor-element-890b35d elementor-widget elementor-widget-image\" data-id=\"890b35d\" data-element_type=\"widget\" data-e-type=\"widget\" data-widget_type=\"image.default\">\n\t\t\t\t\t\t\t\t\t\t\t\t\t\t\t<img decoding=\"async\" width=\"1024\" height=\"819\" src=\"https:\/\/www.hairstudiosabine.at\/wp-content\/uploads\/2026\/02\/20260204_HairstudioSabine0339Web-1024x819.jpg\" class=\"attachment-large size-large wp-image-327\" alt=\"\" srcset=\"https:\/\/www.hairstudiosabine.at\/wp-content\/uploads\/2026\/02\/20260204_HairstudioSabine0339Web-1024x819.jpg 1024w, https:\/\/www.hairstudiosabine.at\/wp-content\/uploads\/2026\/02\/20260204_HairstudioSabine0339Web-300x240.jpg 300w, https:\/\/www.hairstudiosabine.at\/wp-content\/uploads\/2026\/02\/20260204_HairstudioSabine0339Web-768x614.jpg 768w, https:\/\/www.hairstudiosabine.at\/wp-content\/uploads\/2026\/02\/20260204_HairstudioSabine0339Web-1536x1229.jpg 1536w, https:\/\/www.hairstudiosabine.at\/wp-content\/uploads\/2026\/02\/20260204_HairstudioSabine0339Web-2048x1638.jpg 2048w\" sizes=\"(max-width: 1024px) 100vw, 1024px\" \/>\t\t\t\t\t\t\t\t\t\t\t\t\t\t\t<\/div>\n\t\t\t\t<div class=\"elementor-element elementor-element-aee4019 elementor-widget elementor-widget-heading\" data-id=\"aee4019\" data-element_type=\"widget\" data-e-type=\"widget\" data-widget_type=\"heading.default\">\n\t\t\t\t\t<h3 class=\"elementor-heading-title elementor-size-default\">Laura \u2013 Stylistin<\/h3>\t\t\t\t<\/div>\n\t\t\t\t<div class=\"elementor-element elementor-element-5e76fef elementor-widget elementor-widget-heading\" data-id=\"5e76fef\" data-element_type=\"widget\" data-e-type=\"widget\" data-widget_type=\"heading.default\">\n\t\t\t\t\t<h5 class=\"elementor-heading-title elementor-size-default\">Schrems<\/h5>\t\t\t\t<\/div>\n\t\t\t\t<div class=\"elementor-element elementor-element-d814395 elementor-widget elementor-widget-text-editor\" data-id=\"d814395\" data-element_type=\"widget\" data-e-type=\"widget\" data-widget_type=\"text-editor.default\">\n\t\t\t\t\t\t\t\t\t<p><strong>Technisch stark und farbsicher.<\/strong><br data-start=\"448\" data-end=\"451\" \/>Schwerpunkt auf Balayage, Str\u00e4hnen und Ansatzfarbe. Auch Herren- und Kinderhaarschnitte geh\u00f6ren zu ihrem Profil.<\/p>\t\t\t\t\t\t\t\t<\/div>\n\t\t\t\t<\/div>\n\t\t<div class=\"elementor-element elementor-element-ba6c930 e-con-full e-flex e-con e-child\" data-id=\"ba6c930\" data-element_type=\"container\" data-e-type=\"container\" data-settings=\"{&quot;background_background&quot;:&quot;classic&quot;}\">\n\t\t\t\t<div class=\"elementor-element elementor-element-32cfc63 elementor-widget elementor-widget-image\" data-id=\"32cfc63\" data-element_type=\"widget\" data-e-type=\"widget\" data-widget_type=\"image.default\">\n\t\t\t\t\t\t\t\t\t\t\t\t\t\t\t<img decoding=\"async\" width=\"1024\" height=\"819\" src=\"https:\/\/www.hairstudiosabine.at\/wp-content\/uploads\/2026\/02\/20260204_HairstudioSabine0332Web-1024x819.jpg\" class=\"attachment-large size-large wp-image-328\" alt=\"\" srcset=\"https:\/\/www.hairstudiosabine.at\/wp-content\/uploads\/2026\/02\/20260204_HairstudioSabine0332Web-1024x819.jpg 1024w, https:\/\/www.hairstudiosabine.at\/wp-content\/uploads\/2026\/02\/20260204_HairstudioSabine0332Web-300x240.jpg 300w, https:\/\/www.hairstudiosabine.at\/wp-content\/uploads\/2026\/02\/20260204_HairstudioSabine0332Web-768x614.jpg 768w, https:\/\/www.hairstudiosabine.at\/wp-content\/uploads\/2026\/02\/20260204_HairstudioSabine0332Web-1536x1229.jpg 1536w, https:\/\/www.hairstudiosabine.at\/wp-content\/uploads\/2026\/02\/20260204_HairstudioSabine0332Web-2048x1638.jpg 2048w\" sizes=\"(max-width: 1024px) 100vw, 1024px\" \/>\t\t\t\t\t\t\t\t\t\t\t\t\t\t\t<\/div>\n\t\t\t\t<div class=\"elementor-element elementor-element-beedb41 elementor-widget elementor-widget-heading\" data-id=\"beedb41\" data-element_type=\"widget\" data-e-type=\"widget\" data-widget_type=\"heading.default\">\n\t\t\t\t\t<h3 class=\"elementor-heading-title elementor-size-default\">Ingrid \u2013 Stylistin<\/h3>\t\t\t\t<\/div>\n\t\t\t\t<div class=\"elementor-element elementor-element-6eafcac elementor-widget elementor-widget-heading\" data-id=\"6eafcac\" data-element_type=\"widget\" data-e-type=\"widget\" data-widget_type=\"heading.default\">\n\t\t\t\t\t<h5 class=\"elementor-heading-title elementor-size-default\">Harbach<\/h5>\t\t\t\t<\/div>\n\t\t\t\t<div class=\"elementor-element elementor-element-14702f3 elementor-widget elementor-widget-text-editor\" data-id=\"14702f3\" data-element_type=\"widget\" data-e-type=\"widget\" data-widget_type=\"text-editor.default\">\n\t\t\t\t\t\t\t\t\t<p><strong>Ruhig, erfahren und verl\u00e4sslich.<\/strong><br data-start=\"641\" data-end=\"644\" \/>Stark in klassischen Schnitten und nat\u00fcrlichen Farblooks.\u00a0<span style=\"font-style: inherit; font-weight: inherit;\">Mit besonderem Fokus auf typgerechte Beratung.<\/span><\/p>\t\t\t\t\t\t\t\t<\/div>\n\t\t\t\t<\/div>\n\t\t\t\t\t<\/div>\n\t\t\t\t<\/div>\n\t\t<div class=\"elementor-element elementor-element-54fed24 e-flex e-con-boxed e-con e-parent\" data-id=\"54fed24\" data-element_type=\"container\" data-e-type=\"container\" data-settings=\"{&quot;background_background&quot;:&quot;classic&quot;}\">\n\t\t\t\t\t<div class=\"e-con-inner\">\n\t\t<div class=\"elementor-element elementor-element-7bc02ea e-con-full e-flex e-con e-child\" data-id=\"7bc02ea\" data-element_type=\"container\" data-e-type=\"container\" data-settings=\"{&quot;background_background&quot;:&quot;classic&quot;}\">\n\t\t\t\t<div class=\"elementor-element elementor-element-49bf36a elementor-widget elementor-widget-image\" data-id=\"49bf36a\" data-element_type=\"widget\" data-e-type=\"widget\" data-widget_type=\"image.default\">\n\t\t\t\t\t\t\t\t\t\t\t\t\t\t\t<img loading=\"lazy\" decoding=\"async\" width=\"1024\" height=\"819\" src=\"https:\/\/www.hairstudiosabine.at\/wp-content\/uploads\/2026\/02\/20260204_HairstudioSabine0319Web-1024x819.jpg\" class=\"attachment-large size-large wp-image-329\" alt=\"\" srcset=\"https:\/\/www.hairstudiosabine.at\/wp-content\/uploads\/2026\/02\/20260204_HairstudioSabine0319Web-1024x819.jpg 1024w, https:\/\/www.hairstudiosabine.at\/wp-content\/uploads\/2026\/02\/20260204_HairstudioSabine0319Web-300x240.jpg 300w, https:\/\/www.hairstudiosabine.at\/wp-content\/uploads\/2026\/02\/20260204_HairstudioSabine0319Web-768x614.jpg 768w, https:\/\/www.hairstudiosabine.at\/wp-content\/uploads\/2026\/02\/20260204_HairstudioSabine0319Web-1536x1229.jpg 1536w, https:\/\/www.hairstudiosabine.at\/wp-content\/uploads\/2026\/02\/20260204_HairstudioSabine0319Web-2048x1638.jpg 2048w\" sizes=\"(max-width: 1024px) 100vw, 1024px\" \/>\t\t\t\t\t\t\t\t\t\t\t\t\t\t\t<\/div>\n\t\t\t\t<div class=\"elementor-element elementor-element-fe5cfba elementor-widget elementor-widget-heading\" data-id=\"fe5cfba\" data-element_type=\"widget\" data-e-type=\"widget\" data-widget_type=\"heading.default\">\n\t\t\t\t\t<h3 class=\"elementor-heading-title elementor-size-default\">Nicole <span style=\"font-size: 1.5rem\">\u2013<\/span><span style=\"font-size: 1.5rem;font-style: inherit\"> Stylistin<\/span><\/h3>\t\t\t\t<\/div>\n\t\t\t\t<div class=\"elementor-element elementor-element-3712dde elementor-widget elementor-widget-heading\" data-id=\"3712dde\" data-element_type=\"widget\" data-e-type=\"widget\" data-widget_type=\"heading.default\">\n\t\t\t\t\t<h5 class=\"elementor-heading-title elementor-size-default\">Schrems &amp; Harbach<\/h5>\t\t\t\t<\/div>\n\t\t\t\t<div class=\"elementor-element elementor-element-de7c32d elementor-widget elementor-widget-text-editor\" data-id=\"de7c32d\" data-element_type=\"widget\" data-e-type=\"widget\" data-widget_type=\"text-editor.default\">\n\t\t\t\t\t\t\t\t\t<p><strong>Kreativ mit klarer Technik.<\/strong><br data-start=\"1028\" data-end=\"1031\" \/>Stark in modernen Damen- und Herrenhaarschnitten sowie Blond-Techniken. Sicher im Styling und Finish.<\/p>\t\t\t\t\t\t\t\t<\/div>\n\t\t\t\t<\/div>\n\t\t<div class=\"elementor-element elementor-element-7d03e8a e-con-full e-flex e-con e-child\" data-id=\"7d03e8a\" data-element_type=\"container\" data-e-type=\"container\" data-settings=\"{&quot;background_background&quot;:&quot;classic&quot;}\">\n\t\t\t\t<div class=\"elementor-element elementor-element-4f7064d elementor-widget elementor-widget-image\" data-id=\"4f7064d\" data-element_type=\"widget\" data-e-type=\"widget\" data-widget_type=\"image.default\">\n\t\t\t\t\t\t\t\t\t\t\t\t\t\t\t<img loading=\"lazy\" decoding=\"async\" width=\"1024\" height=\"819\" src=\"https:\/\/www.hairstudiosabine.at\/wp-content\/uploads\/2026\/02\/20260204_HairstudioSabine0330Web-1024x819.jpg\" class=\"attachment-large size-large wp-image-330\" alt=\"\" srcset=\"https:\/\/www.hairstudiosabine.at\/wp-content\/uploads\/2026\/02\/20260204_HairstudioSabine0330Web-1024x819.jpg 1024w, https:\/\/www.hairstudiosabine.at\/wp-content\/uploads\/2026\/02\/20260204_HairstudioSabine0330Web-300x240.jpg 300w, https:\/\/www.hairstudiosabine.at\/wp-content\/uploads\/2026\/02\/20260204_HairstudioSabine0330Web-768x614.jpg 768w, https:\/\/www.hairstudiosabine.at\/wp-content\/uploads\/2026\/02\/20260204_HairstudioSabine0330Web-1536x1229.jpg 1536w, https:\/\/www.hairstudiosabine.at\/wp-content\/uploads\/2026\/02\/20260204_HairstudioSabine0330Web-2048x1638.jpg 2048w\" sizes=\"(max-width: 1024px) 100vw, 1024px\" \/>\t\t\t\t\t\t\t\t\t\t\t\t\t\t\t<\/div>\n\t\t\t\t<div class=\"elementor-element elementor-element-52d42d8 elementor-widget elementor-widget-heading\" data-id=\"52d42d8\" data-element_type=\"widget\" data-e-type=\"widget\" data-widget_type=\"heading.default\">\n\t\t\t\t\t<h3 class=\"elementor-heading-title elementor-size-default\">Tanja <span style=\"font-size: 1.5rem\">\u2013<\/span><span style=\"font-size: 1.5rem;font-style: inherit\"> Stylistin<\/span><\/h3>\t\t\t\t<\/div>\n\t\t\t\t<div class=\"elementor-element elementor-element-27586a0 elementor-widget elementor-widget-heading\" data-id=\"27586a0\" data-element_type=\"widget\" data-e-type=\"widget\" data-widget_type=\"heading.default\">\n\t\t\t\t\t<h5 class=\"elementor-heading-title elementor-size-default\">Schrems <\/h5>\t\t\t\t<\/div>\n\t\t\t\t<div class=\"elementor-element elementor-element-0756efb elementor-widget elementor-widget-text-editor\" data-id=\"0756efb\" data-element_type=\"widget\" data-e-type=\"widget\" data-widget_type=\"text-editor.default\">\n\t\t\t\t\t\t\t\t\t<p><strong>Dynamisch und vielseitig.<\/strong><br data-start=\"1211\" data-end=\"1214\" \/>Schwerpunkt auf Schnitt, Str\u00e4hnen und Hochsteckfrisuren. Arbeitet pr\u00e4zise und stilorientiert.<\/p>\t\t\t\t\t\t\t\t<\/div>\n\t\t\t\t<\/div>\n\t\t<div class=\"elementor-element elementor-element-6483d0c e-con-full e-flex e-con e-child\" data-id=\"6483d0c\" data-element_type=\"container\" data-e-type=\"container\" data-settings=\"{&quot;background_background&quot;:&quot;classic&quot;}\">\n\t\t\t\t<div class=\"elementor-element elementor-element-270269c elementor-widget elementor-widget-image\" data-id=\"270269c\" data-element_type=\"widget\" data-e-type=\"widget\" data-widget_type=\"image.default\">\n\t\t\t\t\t\t\t\t\t\t\t\t\t\t\t<img loading=\"lazy\" decoding=\"async\" width=\"1024\" height=\"819\" src=\"https:\/\/www.hairstudiosabine.at\/wp-content\/uploads\/2026\/02\/20260204_HairstudioSabine0323Web-1024x819.jpg\" class=\"attachment-large size-large wp-image-331\" alt=\"\" srcset=\"https:\/\/www.hairstudiosabine.at\/wp-content\/uploads\/2026\/02\/20260204_HairstudioSabine0323Web-1024x819.jpg 1024w, https:\/\/www.hairstudiosabine.at\/wp-content\/uploads\/2026\/02\/20260204_HairstudioSabine0323Web-300x240.jpg 300w, https:\/\/www.hairstudiosabine.at\/wp-content\/uploads\/2026\/02\/20260204_HairstudioSabine0323Web-768x614.jpg 768w, https:\/\/www.hairstudiosabine.at\/wp-content\/uploads\/2026\/02\/20260204_HairstudioSabine0323Web-1536x1229.jpg 1536w, https:\/\/www.hairstudiosabine.at\/wp-content\/uploads\/2026\/02\/20260204_HairstudioSabine0323Web-2048x1638.jpg 2048w\" sizes=\"(max-width: 1024px) 100vw, 1024px\" \/>\t\t\t\t\t\t\t\t\t\t\t\t\t\t\t<\/div>\n\t\t\t\t<div class=\"elementor-element elementor-element-4520891 elementor-widget elementor-widget-heading\" data-id=\"4520891\" data-element_type=\"widget\" data-e-type=\"widget\" data-widget_type=\"heading.default\">\n\t\t\t\t\t<h3 class=\"elementor-heading-title elementor-size-default\">Tanja <span style=\"font-size: 1.5rem\">\u2013<\/span><span style=\"font-size: 1.5rem;font-style: inherit\"> Lehrling<\/span><\/h3>\t\t\t\t<\/div>\n\t\t\t\t<div class=\"elementor-element elementor-element-645f239 elementor-widget elementor-widget-heading\" data-id=\"645f239\" data-element_type=\"widget\" data-e-type=\"widget\" data-widget_type=\"heading.default\">\n\t\t\t\t\t<h5 class=\"elementor-heading-title elementor-size-default\">Schrems<\/h5>\t\t\t\t<\/div>\n\t\t\t\t<div class=\"elementor-element elementor-element-9f3dcdf elementor-widget elementor-widget-text-editor\" data-id=\"9f3dcdf\" data-element_type=\"widget\" data-e-type=\"widget\" data-widget_type=\"text-editor.default\">\n\t\t\t\t\t\t\t\t\t<p><strong>Motiviert und farbinteressiert.<\/strong><br \/>Besonderes Augenmerk auf Blond- und Balayage-Techniken. Entwickelt ihr K\u00f6nnen mit jeder Herausforderung weiter.<\/p>\t\t\t\t\t\t\t\t<\/div>\n\t\t\t\t<\/div>\n\t\t\t\t\t<\/div>\n\t\t\t\t<\/div>\n\t\t<div class=\"elementor-element elementor-element-d734f1e e-flex e-con-boxed e-con e-parent\" data-id=\"d734f1e\" data-element_type=\"container\" data-e-type=\"container\" data-settings=\"{&quot;background_background&quot;:&quot;classic&quot;}\">\n\t\t\t\t\t<div class=\"e-con-inner\">\n\t\t<div class=\"elementor-element elementor-element-090d600 e-con-full e-flex e-con e-child\" data-id=\"090d600\" data-element_type=\"container\" data-e-type=\"container\" data-settings=\"{&quot;background_background&quot;:&quot;classic&quot;}\">\n\t\t\t\t<div class=\"elementor-element elementor-element-1f384d8 elementor-widget elementor-widget-image\" data-id=\"1f384d8\" data-element_type=\"widget\" data-e-type=\"widget\" data-widget_type=\"image.default\">\n\t\t\t\t\t\t\t\t\t\t\t\t\t\t\t<img loading=\"lazy\" decoding=\"async\" width=\"1024\" height=\"819\" src=\"https:\/\/www.hairstudiosabine.at\/wp-content\/uploads\/2026\/02\/20260204_HairstudioSabine0344Web-1024x819.jpg\" class=\"attachment-large size-large wp-image-332\" alt=\"\" srcset=\"https:\/\/www.hairstudiosabine.at\/wp-content\/uploads\/2026\/02\/20260204_HairstudioSabine0344Web-1024x819.jpg 1024w, https:\/\/www.hairstudiosabine.at\/wp-content\/uploads\/2026\/02\/20260204_HairstudioSabine0344Web-300x240.jpg 300w, https:\/\/www.hairstudiosabine.at\/wp-content\/uploads\/2026\/02\/20260204_HairstudioSabine0344Web-768x614.jpg 768w, https:\/\/www.hairstudiosabine.at\/wp-content\/uploads\/2026\/02\/20260204_HairstudioSabine0344Web-1536x1229.jpg 1536w, https:\/\/www.hairstudiosabine.at\/wp-content\/uploads\/2026\/02\/20260204_HairstudioSabine0344Web-2048x1638.jpg 2048w\" sizes=\"(max-width: 1024px) 100vw, 1024px\" \/>\t\t\t\t\t\t\t\t\t\t\t\t\t\t\t<\/div>\n\t\t\t\t<div class=\"elementor-element elementor-element-459702a elementor-widget elementor-widget-heading\" data-id=\"459702a\" data-element_type=\"widget\" data-e-type=\"widget\" data-widget_type=\"heading.default\">\n\t\t\t\t\t<h3 class=\"elementor-heading-title elementor-size-default\">Laura-Marie \u2013 Lehrling<\/h3>\t\t\t\t<\/div>\n\t\t\t\t<div class=\"elementor-element elementor-element-5621cba elementor-widget elementor-widget-heading\" data-id=\"5621cba\" data-element_type=\"widget\" data-e-type=\"widget\" data-widget_type=\"heading.default\">\n\t\t\t\t\t<h5 class=\"elementor-heading-title elementor-size-default\">Schrems &amp; Harbach<\/h5>\t\t\t\t<\/div>\n\t\t\t\t<div class=\"elementor-element elementor-element-97440d9 elementor-widget elementor-widget-text-editor\" data-id=\"97440d9\" data-element_type=\"widget\" data-e-type=\"widget\" data-widget_type=\"text-editor.default\">\n\t\t\t\t\t\t\t\t\t<p><strong>Engagiert und lernbereit.<\/strong><br data-start=\"1392\" data-end=\"1395\">Besonderes Interesse an Pflegeberatung und Styling.&nbsp; W\u00e4chst t\u00e4glich mit neuen Erfahrungen.<\/p>\t\t\t\t\t\t\t\t<\/div>\n\t\t\t\t<\/div>\n\t\t\t\t\t<\/div>\n\t\t\t\t<\/div>\n\t\t<div class=\"elementor-element elementor-element-b7d72b5 e-flex e-con-boxed e-con e-parent\" data-id=\"b7d72b5\" data-element_type=\"container\" data-e-type=\"container\">\n\t\t\t\t\t<div class=\"e-con-inner\">\n\t\t\t\t<div class=\"elementor-element elementor-element-723fb46 elementor-widget elementor-widget-heading\" data-id=\"723fb46\" data-element_type=\"widget\" data-e-type=\"widget\" data-widget_type=\"heading.default\">\n\t\t\t\t\t<h2 class=\"elementor-heading-title elementor-size-default\"><i>Ein Ort voller Leidenschaft, Stil und Menschlichkeit. <\/i><\/h2>\t\t\t\t<\/div>\n\t\t\t\t\t<\/div>\n\t\t\t\t<\/div>\n\t\t\t\t<\/div>\n\t\t","protected":false},"excerpt":{"rendered":"<p>Unser Team Mit Herz, Handwerk &amp; Leidenschaft Menschen, die ihren Beruf lieben. Jede von uns bringt ihre eigene Handschrift, ihren [&hellip;]<\/p>\n","protected":false},"author":1,"featured_media":0,"parent":0,"menu_order":0,"comment_status":"closed","ping_status":"closed","template":"","meta":{"site-sidebar-layout":"no-sidebar","site-content-layout":"","ast-site-content-layout":"full-width-container","site-content-style":"default","site-sidebar-style":"default","ast-global-header-display":"","ast-banner-title-visibility":"disabled","ast-main-header-display":"","ast-hfb-above-header-display":"","ast-hfb-below-header-display":"","ast-hfb-mobile-header-display":"","site-post-title":"","ast-breadcrumbs-content":"","ast-featured-img":"disabled","footer-sml-layout":"","ast-disable-related-posts":"","theme-transparent-header-meta":"","adv-header-id-meta":"","stick-header-meta":"","header-above-stick-meta":"","header-main-stick-meta":"","header-below-stick-meta":"","astra-migrate-meta-layouts":"default","ast-page-background-enabled":"default","ast-page-background-meta":{"desktop":{"background-color":"var(--ast-global-color-5)","background-image":"","background-repeat":"repeat","background-position":"center center","background-size":"auto","background-attachment":"scroll","background-type":"","background-media":"","overlay-type":"","overlay-color":"","overlay-opacity":"","overlay-gradient":""},"tablet":{"background-color":"","background-image":"","background-repeat":"repeat","background-position":"center center","background-size":"auto","background-attachment":"scroll","background-type":"","background-media":"","overlay-type":"","overlay-color":"","overlay-opacity":"","overlay-gradient":""},"mobile":{"background-color":"","background-image":"","background-repeat":"repeat","background-position":"center center","background-size":"auto","background-attachment":"scroll","background-type":"","background-media":"","overlay-type":"","overlay-color":"","overlay-opacity":"","overlay-gradient":""}},"ast-content-background-meta":{"desktop":{"background-color":"var(--ast-global-color-4)","background-image":"","background-repeat":"repeat","background-position":"center center","background-size":"auto","background-attachment":"scroll","background-type":"","background-media":"","overlay-type":"","overlay-color":"","overlay-opacity":"","overlay-gradient":""},"tablet":{"background-color":"var(--ast-global-color-4)","background-image":"","background-repeat":"repeat","background-position":"center center","background-size":"auto","background-attachment":"scroll","background-type":"","background-media":"","overlay-type":"","overlay-color":"","overlay-opacity":"","overlay-gradient":""},"mobile":{"background-color":"var(--ast-global-color-4)","background-image":"","background-repeat":"repeat","background-position":"center center","background-size":"auto","background-attachment":"scroll","background-type":"","background-media":"","overlay-type":"","overlay-color":"","overlay-opacity":"","overlay-gradient":""}},"_themeisle_gutenberg_block_has_review":false,"footnotes":""},"class_list":["post-126","page","type-page","status-publish","hentry"],"_links":{"self":[{"href":"https:\/\/www.hairstudiosabine.at\/index.php?rest_route=\/wp\/v2\/pages\/126","targetHints":{"allow":["GET"]}}],"collection":[{"href":"https:\/\/www.hairstudiosabine.at\/index.php?rest_route=\/wp\/v2\/pages"}],"about":[{"href":"https:\/\/www.hairstudiosabine.at\/index.php?rest_route=\/wp\/v2\/types\/page"}],"author":[{"embeddable":true,"href":"https:\/\/www.hairstudiosabine.at\/index.php?rest_route=\/wp\/v2\/users\/1"}],"replies":[{"embeddable":true,"href":"https:\/\/www.hairstudiosabine.at\/index.php?rest_route=%2Fwp%2Fv2%2Fcomments&post=126"}],"version-history":[{"count":63,"href":"https:\/\/www.hairstudiosabine.at\/index.php?rest_route=\/wp\/v2\/pages\/126\/revisions"}],"predecessor-version":[{"id":612,"href":"https:\/\/www.hairstudiosabine.at\/index.php?rest_route=\/wp\/v2\/pages\/126\/revisions\/612"}],"wp:attachment":[{"href":"https:\/\/www.hairstudiosabine.at\/index.php?rest_route=%2Fwp%2Fv2%2Fmedia&parent=126"}],"curies":[{"name":"wp","href":"https:\/\/api.w.org\/{rel}","templated":true}]}}